{"id":248,"date":"2021-07-13T10:19:05","date_gmt":"2021-07-13T10:19:05","guid":{"rendered":"https:\/\/c-billt.com\/nld\/?page_id=248"},"modified":"2021-07-28T15:43:25","modified_gmt":"2021-07-28T15:43:25","slug":"sponsoren","status":"publish","type":"page","link":"https:\/\/c-billt.com\/nld\/sponsoren\/","title":{"rendered":"Sponsoren"},"content":{"rendered":"\n\t<section class=\"section\" id=\"section_2133271916\">\n\t\t<div class=\"section-bg fill\" >\n\t\t\t\t\t\t\t\t\t<div class=\"section-bg-overlay absolute fill\"><\/div>\n\t\t\t\n\n\t\t<\/div>\n\n\t\t\n\n\t\t<div class=\"section-content relative\">\n\t\t\t\n<h2 class=\"uppercase\" style=\"text-align: center;\">Sponsoren<\/h2>\n<div class=\"text-center\"><div class=\"is-divider divider clearfix\" style=\"max-width:800px;background-color:rgb(103, 102, 102);\"><\/div><\/div>\n<div class=\"row row-collapse row-full-width align-middle\"  id=\"row-1208370867\">\n\n\t<div id=\"col-1452406265\" class=\"col medium-6 small-12 large-6\"  >\n\t\t\t\t<div class=\"col-inner text-center dark\" style=\"background-color:#446084;\" >\n\t\t\t\n\t\t\t\n<h2>Sponsoren C-BiLLT<\/h2>\n<p>Computer-Based instrument for Low motor Language Testing<\/p>\n\t\t<\/div>\n\t\t\t\t\n<style>\n#col-1452406265 > .col-inner {\n  padding: 10% 10% 10% 10%;\n  max-width: 520px;\n}\n<\/style>\n\t<\/div>\n\n\t\n\n\t<div id=\"col-1512393700\" class=\"col medium-6 small-12 large-6\"  >\n\t\t\t\t<div class=\"col-inner\"  >\n\t\t\t\n\t\t\t\n\t<div class=\"img has-hover x md-x lg-x y md-y lg-y\" id=\"image_1829931662\">\n\t\t\t\t\t\t\t\t<div class=\"img-inner dark\" >\n\t\t\t<img loading=\"lazy\" decoding=\"async\" width=\"300\" height=\"114\" src=\"https:\/\/c-billt.com\/nld\/wp-content\/uploads\/sites\/2\/2018\/07\/logo-c-billt.png\" class=\"attachment-large size-large\" alt=\"\" \/>\t\t\t\t\t\t\n\t\t\t\t\t<\/div>\n\t\t\t\t\t\t\t\t\n<style>\n#image_1829931662 {\n  width: 100%;\n}\n<\/style>\n\t<\/div>\n\t\n\t\t<\/div>\n\t\t\t\t\t<\/div>\n\n\t\n<\/div>\n\t\t<\/div>\n\n\t\t\n<style>\n#section_2133271916 {\n  padding-top: 0px;\n  padding-bottom: 0px;\n  background-color: rgb(247, 247, 247);\n}\n#section_2133271916 .section-bg-overlay {\n  background-color: rgba(255, 255, 255, 0.85);\n}\n<\/style>\n\t<\/section>\n\t\n\n\t<section class=\"section\" id=\"section_2060539517\">\n\t\t<div class=\"section-bg fill\" >\n\t\t\t\t\t\t\t\t\t<div class=\"section-bg-overlay absolute fill\"><\/div>\n\t\t\t\n\n\t\t<\/div>\n\n\t\t\n\n\t\t<div class=\"section-content relative\">\n\t\t\t\n<div class=\"row row-large align-middle\"  id=\"row-1572276929\">\n\n\t<div id=\"col-377247666\" class=\"col medium-6 small-12 large-6\"  >\n\t\t\t\t<div class=\"col-inner\"  >\n\t\t\t\n\t\t\t\n\t<div class=\"img has-hover x md-x lg-x y md-y lg-y\" id=\"image_505838987\">\n\t\t\t\t\t\t\t\t<div class=\"img-inner dark\" >\n\t\t\t<img loading=\"lazy\" decoding=\"async\" width=\"482\" height=\"193\" src=\"https:\/\/c-billt.com\/nld\/wp-content\/uploads\/sites\/2\/2021\/07\/phelps.jpg\" class=\"attachment-large size-large\" alt=\"\" \/>\t\t\t\t\t\t\n\t\t\t\t\t<\/div>\n\t\t\t\t\t\t\t\t\n<style>\n#image_505838987 {\n  width: 100%;\n}\n<\/style>\n\t<\/div>\n\t\n\t\t<\/div>\n\t\t\t\t\t<\/div>\n\n\t\n\n\t<div id=\"col-88395799\" class=\"col medium-6 small-12 large-6\"  >\n\t\t\t\t<div class=\"col-inner text-left\"  >\n\t\t\t\n\t\t\t\n<h2>Phelps stichting<\/h2>\n<p>De hoofdsponsor van de ontwikkeling en implementatie van de C-BiLLT is de Phelps stichting. Dankzij hun financi\u00eble steun kon het promotie onderzoek van Joke Geytenbeek op het C-BiLLT project in 2009 starten en werd de implementatie van de C-BiLLT in Nederland gerealiseerd.<\/p>\n<p> <strong>De Phelps Stichting wil de kwaliteit van leven bevorderen van alle mensen die lijden aan spasticiteit als gevolg van een aangeboren hersenbeschadiging.<\/strong>\u00a0<\/p>\n<p><\/br>De stichting ondersteunt wetenschappelijk onderzoek naar de oorzaak van spasticiteit, de verbetering van behandelmethoden en de mogelijke preventie van spasticiteit.\u00a0Tevens steunen zij voorzieningen en projecten die bijdragen aan het lichamelijke, geestelijke en sociale welzijn van spastici.<\/p>\n<a href=\"https:\/\/phelps-stichting.nl\/\" target=\"_blank\" class=\"button primary\" rel=\"noopener\"  >\n\t\t<span>phelps-stichting.nl<\/span>\n\t<\/a>\n\n\t\t<\/div>\n\t\t\t\t\t<\/div>\n\n\t\n<\/div>\n\t\t<\/div>\n\n\t\t\n<style>\n#section_2060539517 {\n  padding-top: 60px;\n  padding-bottom: 60px;\n  background-color: rgb(193, 193, 193);\n}\n#section_2060539517 .section-bg-overlay {\n  background-color: rgba(255, 255, 255, 0.85);\n}\n<\/style>\n\t<\/section>\n\t\n\n\t<section class=\"section\" id=\"section_1555239027\">\n\t\t<div class=\"section-bg fill\" >\n\t\t\t\t\t\t\t\t\t<div class=\"section-bg-overlay absolute fill\"><\/div>\n\t\t\t\n\n\t\t<\/div>\n\n\t\t\n\n\t\t<div class=\"section-content relative\">\n\t\t\t\n<div class=\"row row-large align-middle\"  id=\"row-2081483083\">\n\n\t<div id=\"col-1693389919\" class=\"col medium-6 small-12 large-6\"  >\n\t\t\t\t<div class=\"col-inner\"  >\n\t\t\t\n\t\t\t\n\t<div class=\"img has-hover x md-x lg-x y md-y lg-y\" id=\"image_1675578332\">\n\t\t\t\t\t\t\t\t<div class=\"img-inner dark\" >\n\t\t\t<img loading=\"lazy\" decoding=\"async\" width=\"122\" height=\"157\" src=\"https:\/\/c-billt.com\/nld\/wp-content\/uploads\/sites\/2\/2021\/07\/jack-rabbit.png\" class=\"attachment-large size-large\" alt=\"\" \/>\t\t\t\t\t\t\n\t\t\t\t\t<\/div>\n\t\t\t\t\t\t\t\t\n<style>\n#image_1675578332 {\n  width: 28%;\n}\n<\/style>\n\t<\/div>\n\t\n\t\t<\/div>\n\t\t\t\t\t<\/div>\n\n\t\n\n\t<div id=\"col-1456829179\" class=\"col medium-6 small-12 large-6\"  >\n\t\t\t\t<div class=\"col-inner text-left\"  >\n\t\t\t\n\t\t\t\n<h2>Jack Rabbit<\/h2>\n<p>De <em>software<\/em> in de vorm van 2 laptops werd mogelijk gemaakt door de Jack Rabbit foundation.<\/p>\n<a href=\"https:\/\/www.jackrabbit.nl\/\" target=\"_blank\" class=\"button primary\" rel=\"noopener\"  >\n\t\t<span>jackrabbit.nl<\/span>\n\t<\/a>\n\n\t\t<\/div>\n\t\t\t\t\t<\/div>\n\n\t\n<\/div>\n\t\t<\/div>\n\n\t\t\n<style>\n#section_1555239027 {\n  padding-top: 60px;\n  padding-bottom: 60px;\n  background-color: rgb(193, 193, 193);\n}\n#section_1555239027 .section-bg-overlay {\n  background-color: rgba(255, 255, 255, 0.85);\n}\n<\/style>\n\t<\/section>\n\t\n\n\t<section class=\"section\" id=\"section_91230728\">\n\t\t<div class=\"section-bg fill\" >\n\t\t\t\t\t\t\t\t\t<div class=\"section-bg-overlay absolute fill\"><\/div>\n\t\t\t\n\n\t\t<\/div>\n\n\t\t\n\n\t\t<div class=\"section-content relative\">\n\t\t\t\n<div class=\"row row-large align-middle\"  id=\"row-2062494826\">\n\n\t<div id=\"col-1744614404\" class=\"col medium-6 small-12 large-6\"  >\n\t\t\t\t<div class=\"col-inner\"  >\n\t\t\t\n\t\t\t\n\t<div class=\"img has-hover x md-x lg-x y md-y lg-y\" id=\"image_557893727\">\n\t\t\t\t\t\t\t\t<div class=\"img-inner dark\" >\n\t\t\t<img loading=\"lazy\" decoding=\"async\" width=\"200\" height=\"276\" src=\"https:\/\/c-billt.com\/nld\/wp-content\/uploads\/sites\/2\/2021\/07\/rotary-goes.png\" class=\"attachment-large size-large\" alt=\"\" \/>\t\t\t\t\t\t\n\t\t\t\t\t<\/div>\n\t\t\t\t\t\t\t\t\n<style>\n#image_557893727 {\n  width: 27%;\n}\n<\/style>\n\t<\/div>\n\t\n\t\t<\/div>\n\t\t\t\t\t<\/div>\n\n\t\n\n\t<div id=\"col-2072356414\" class=\"col medium-6 small-12 large-6\"  >\n\t\t\t\t<div class=\"col-inner text-left\"  >\n\t\t\t\n\t\t\t\n<h2>Rotary Goes<\/h2>\n<p>De eerste ontwikkeling van de hardware van de C-BiLLT in de vorm van een pilot studie werd mogelijk gemaakt door de financiering van de Rotary club uit Goes.<\/p>\n<a href=\"https:\/\/www.rotary.nl\/goes\/\" target=\"_blank\" class=\"button primary\" rel=\"noopener\"  >\n\t\t<span>www.rotary.nl\/goes<\/span>\n\t<\/a>\n\n\t\t<\/div>\n\t\t\t\t\t<\/div>\n\n\t\n<\/div>\n<div class=\"text-center\"><div class=\"is-divider divider clearfix\" style=\"max-width:800px;background-color:rgb(103, 102, 102);\"><\/div><\/div>\n\t\t<\/div>\n\n\t\t\n<style>\n#section_91230728 {\n  padding-top: 60px;\n  padding-bottom: 60px;\n  background-color: rgb(193, 193, 193);\n}\n#section_91230728 .section-bg-overlay {\n  background-color: rgba(255, 255, 255, 0.85);\n}\n<\/style>\n\t<\/section>\n\t\n\n\t<section class=\"section\" id=\"section_2134508833\">\n\t\t<div class=\"section-bg fill\" >\n\t\t\t\t\t\t\t\t\t<div class=\"section-bg-overlay absolute fill\"><\/div>\n\t\t\t\n\n\t\t<\/div>\n\n\t\t\n\n\t\t<div class=\"section-content relative\">\n\t\t\t\n<div class=\"row row-collapse row-full-width align-middle\"  id=\"row-1038524821\">\n\n\t<div id=\"col-334075220\" class=\"col medium-6 small-12 large-6\"  >\n\t\t\t\t<div class=\"col-inner text-center dark\" style=\"background-color:#446084;\" >\n\t\t\t\n\t\t\t\n<h2>Sponsoren vervolgonderzoek<\/h2>\n<p>Sponsoren vervolgonderzoek C-BiLLT en taalbegripsontwikkeling bij kinderen met cerebrale parese<\/p>\n\t\t<\/div>\n\t\t\t\t\n<style>\n#col-334075220 > .col-inner {\n  padding: 10% 10% 10% 10%;\n  max-width: 520px;\n}\n<\/style>\n\t<\/div>\n\n\t\n\n\t<div id=\"col-848141360\" class=\"col medium-6 small-12 large-6\"  >\n\t\t\t\t<div class=\"col-inner\"  >\n\t\t\t\n\t\t\t\n\t<div class=\"img has-hover x md-x lg-x y md-y lg-y\" id=\"image_2047182222\">\n\t\t\t\t\t\t\t\t<div class=\"img-inner dark\" >\n\t\t\t<img loading=\"lazy\" decoding=\"async\" width=\"460\" height=\"160\" src=\"https:\/\/c-billt.com\/nld\/wp-content\/uploads\/sites\/2\/2021\/07\/cp-call-1.png\" class=\"attachment-original size-original\" alt=\"\" \/>\t\t\t\t\t\t\n\t\t\t\t\t<\/div>\n\t\t\t\t\t\t\t\t\n<style>\n#image_2047182222 {\n  width: 90%;\n}\n<\/style>\n\t<\/div>\n\t\n\t\t<\/div>\n\t\t\t\t\t<\/div>\n\n\t\n<\/div>\n\t\t<\/div>\n\n\t\t\n<style>\n#section_2134508833 {\n  padding-top: 0px;\n  padding-bottom: 0px;\n  background-color: rgb(247, 247, 247);\n}\n#section_2134508833 .section-bg-overlay {\n  background-color: rgba(255, 255, 255, 0.85);\n}\n<\/style>\n\t<\/section>\n\t\n\n\t<section class=\"section\" id=\"section_1156998242\">\n\t\t<div class=\"section-bg fill\" >\n\t\t\t\t\t\t\t\t\t<div class=\"section-bg-overlay absolute fill\"><\/div>\n\t\t\t\n\n\t\t<\/div>\n\n\t\t\n\n\t\t<div class=\"section-content relative\">\n\t\t\t\n<div class=\"row row-large align-middle\"  id=\"row-136385052\">\n\n\t<div id=\"col-818589829\" class=\"col medium-6 small-12 large-6\"  >\n\t\t\t\t<div class=\"col-inner\"  >\n\t\t\t\n\t\t\t\n\t<div class=\"img has-hover x md-x lg-x y md-y lg-y\" id=\"image_485862804\">\n\t\t\t\t\t\t\t\t<div class=\"img-inner dark\" >\n\t\t\t<img loading=\"lazy\" decoding=\"async\" width=\"482\" height=\"193\" src=\"https:\/\/c-billt.com\/nld\/wp-content\/uploads\/sites\/2\/2021\/07\/phelps.jpg\" class=\"attachment-large size-large\" alt=\"\" \/>\t\t\t\t\t\t\n\t\t\t\t\t<\/div>\n\t\t\t\t\t\t\t\t\n<style>\n#image_485862804 {\n  width: 100%;\n}\n<\/style>\n\t<\/div>\n\t\n\t\t<\/div>\n\t\t\t\t\t<\/div>\n\n\t\n\n\t<div id=\"col-1892069392\" class=\"col medium-6 small-12 large-6\"  >\n\t\t\t\t<div class=\"col-inner text-left\"  >\n\t\t\t\n\t\t\t\n<h2>Phelps stichting<\/h2>\n<p><span lang=\"en-GB\"><b>CP<\/b><\/span><span lang=\"en-GB\">\u2013<\/span><span lang=\"en-GB\"><b>C<\/b><\/span><span lang=\"en-GB\">a<\/span><span lang=\"en-GB\"><b>LL<\/b><\/span><span lang=\"en-GB\">\u00a0staat voor\u00a0<\/span><span lang=\"en-GB\"><b>C<\/b><\/span><span lang=\"en-GB\">erebral\u00a0<\/span><span lang=\"en-GB\"><b>P<\/b><\/span><span lang=\"en-GB\">alsy \u2013\u00a0<\/span><span lang=\"en-GB\"><b>C<\/b><\/span><span lang=\"en-GB\">ommunication and\u00a0<\/span><span lang=\"en-GB\"><b>L<\/b><\/span><span lang=\"en-GB\">anguage<\/span><span lang=\"en-GB\"><b>\u00a0L<\/b><\/span><span lang=\"en-GB\">earning (Cerebrale Parese \u2013 Communicatie en Taal Leren). <\/span>Het onderzoek volgt de taalbegripsontwikkeling van kinderen met CP en de factoren die dit bepalen. Mede dankzij de Phelps-stichting, het Johanna Kinderfonds, Kinderrevalidatie Fonds Adriaanstichting en HandicapNL kon dit longitudinale onderzoek van 4 jaar in 2017 van start gaan.<\/p>\n<a href=\"https:\/\/phelps-stichting.nl\/\" target=\"_blank\" class=\"button primary\" rel=\"noopener\"  >\n\t\t<span>phelps-stichting.nl<\/span>\n\t<\/a>\n\n\t\t<\/div>\n\t\t\t\t\t<\/div>\n\n\t\n<\/div>\n\t\t<\/div>\n\n\t\t\n<style>\n#section_1156998242 {\n  padding-top: 60px;\n  padding-bottom: 60px;\n  background-color: rgb(193, 193, 193);\n}\n#section_1156998242 .section-bg-overlay {\n  background-color: rgba(255, 255, 255, 0.85);\n}\n<\/style>\n\t<\/section>\n\t\n\n\t<section class=\"section\" id=\"section_383581587\">\n\t\t<div class=\"section-bg fill\" >\n\t\t\t\t\t\t\t\t\t<div class=\"section-bg-overlay absolute fill\"><\/div>\n\t\t\t\n\n\t\t<\/div>\n\n\t\t\n\n\t\t<div class=\"section-content relative\">\n\t\t\t\n<div class=\"row row-large align-middle\"  id=\"row-273467523\">\n\n\t<div id=\"col-910276329\" class=\"col medium-6 small-12 large-6\"  >\n\t\t\t\t<div class=\"col-inner\"  >\n\t\t\t\n\t\t\t\n\t<div class=\"img has-hover x md-x lg-x y md-y lg-y\" id=\"image_429357782\">\n\t\t\t\t\t\t\t\t<div class=\"img-inner dark\" >\n\t\t\t<img loading=\"lazy\" decoding=\"async\" width=\"159\" height=\"76\" src=\"https:\/\/c-billt.com\/nld\/wp-content\/uploads\/sites\/2\/2021\/07\/JKF-kinderfonds-1.png\" class=\"attachment-thumbnail size-thumbnail\" alt=\"\" \/>\t\t\t\t\t\t\n\t\t\t\t\t<\/div>\n\t\t\t\t\t\t\t\t\n<style>\n#image_429357782 {\n  width: 50%;\n}\n<\/style>\n\t<\/div>\n\t\n\t\t<\/div>\n\t\t\t\t\t<\/div>\n\n\t\n\n\t<div id=\"col-939421053\" class=\"col medium-6 small-12 large-6\"  >\n\t\t\t\t<div class=\"col-inner text-left\"  >\n\t\t\t\n\t\t\t\n<h2>JKF Kinderfonds<\/h2>\n<p>Het JKF Kinderfonds zet zich al sinds 1900 vanuit Arnhem in voor het verbeteren van de kwaliteit van leven van kinderen en jongeren tot 25 jaar met een lichamelijke beperking. JKF Kinderfonds is begonnen als eerste kinderrevalidatiecentrum in Nederland en financiert nu participatieprojecten en wetenschappelijk onderzoek.\u00a0<\/p>\n<a href=\"https:\/\/www.jkf-kinderfonds.nl\/\" target=\"_blank\" class=\"button primary\" rel=\"noopener\"  >\n\t\t<span>jkf-kinderfonds.nl<\/span>\n\t<\/a>\n\n\t\t<\/div>\n\t\t\t\t\t<\/div>\n\n\t\n<\/div>\n\t\t<\/div>\n\n\t\t\n<style>\n#section_383581587 {\n  padding-top: 60px;\n  padding-bottom: 60px;\n  background-color: rgb(193, 193, 193);\n}\n#section_383581587 .section-bg-overlay {\n  background-color: rgba(255, 255, 255, 0.85);\n}\n<\/style>\n\t<\/section>\n\t\n\n\t<section class=\"section\" id=\"section_1322382855\">\n\t\t<div class=\"section-bg fill\" >\n\t\t\t\t\t\t\t\t\t<div class=\"section-bg-overlay absolute fill\"><\/div>\n\t\t\t\n\n\t\t<\/div>\n\n\t\t\n\n\t\t<div class=\"section-content relative\">\n\t\t\t\n<div class=\"row row-large align-middle\"  id=\"row-2100534335\">\n\n\t<div id=\"col-945221683\" class=\"col medium-6 small-12 large-6\"  >\n\t\t\t\t<div class=\"col-inner\"  >\n\t\t\t\n\t\t\t\n\t<div class=\"img has-hover x md-x lg-x y md-y lg-y\" id=\"image_1162138988\">\n\t\t\t\t\t\t\t\t<div class=\"img-inner dark\" >\n\t\t\t<img loading=\"lazy\" decoding=\"async\" width=\"439\" height=\"115\" src=\"https:\/\/c-billt.com\/nld\/wp-content\/uploads\/sites\/2\/2021\/07\/KFA.png\" class=\"attachment-large size-large\" alt=\"\" \/>\t\t\t\t\t\t\n\t\t\t\t\t<\/div>\n\t\t\t\t\t\t\t\t\n<style>\n#image_1162138988 {\n  width: 80%;\n}\n<\/style>\n\t<\/div>\n\t\n\t\t<\/div>\n\t\t\t\t\t<\/div>\n\n\t\n\n\t<div id=\"col-1732958713\" class=\"col medium-6 small-12 large-6\"  >\n\t\t\t\t<div class=\"col-inner text-left\"  >\n\t\t\t\n\t\t\t\n<h2>KFA<\/h2>\n<p>Stichting Rotterdams Kinderrevalidatie Fonds Adriaanstichting (KFA) richt zich op het verbeteren van voorzieningen en het stimuleren van vernieuwing en onderzoek ten behoeve van kinderen en eventueel volwassenen met lichamelijke beperkingen in de regio Rotterdam.\u00a0<\/p>\n<a href=\"https:\/\/www.kinderfondsadriaan.nl\/\" target=\"_blank\" class=\"button primary\" rel=\"noopener\"  >\n\t\t<span>kinderfondsadriaan.nl<\/span>\n\t<\/a>\n\n\t\t<\/div>\n\t\t\t\t\t<\/div>\n\n\t\n<\/div>\n\t\t<\/div>\n\n\t\t\n<style>\n#section_1322382855 {\n  padding-top: 60px;\n  padding-bottom: 60px;\n  background-color: rgb(193, 193, 193);\n}\n#section_1322382855 .section-bg-overlay {\n  background-color: rgba(255, 255, 255, 0.85);\n}\n<\/style>\n\t<\/section>\n\t\n\n\t<section class=\"section\" id=\"section_830881870\">\n\t\t<div class=\"section-bg fill\" >\n\t\t\t\t\t\t\t\t\t<div class=\"section-bg-overlay absolute fill\"><\/div>\n\t\t\t\n\n\t\t<\/div>\n\n\t\t\n\n\t\t<div class=\"section-content relative\">\n\t\t\t\n<div class=\"row row-large align-middle\"  id=\"row-2027041751\">\n\n\t<div id=\"col-988770408\" class=\"col medium-6 small-12 large-6\"  >\n\t\t\t\t<div class=\"col-inner\"  >\n\t\t\t\n\t\t\t\n\t<div class=\"img has-hover x md-x lg-x y md-y lg-y\" id=\"image_945220917\">\n\t\t\t\t\t\t\t\t<div class=\"img-inner dark\" >\n\t\t\t<img loading=\"lazy\" decoding=\"async\" width=\"183\" height=\"69\" src=\"https:\/\/c-billt.com\/nld\/wp-content\/uploads\/sites\/2\/2021\/07\/handicap.nl_.png\" class=\"attachment-large size-large\" alt=\"\" \/>\t\t\t\t\t\t\n\t\t\t\t\t<\/div>\n\t\t\t\t\t\t\t\t\n<style>\n#image_945220917 {\n  width: 70%;\n}\n<\/style>\n\t<\/div>\n\t\n\t\t<\/div>\n\t\t\t\t\t<\/div>\n\n\t\n\n\t<div id=\"col-794952953\" class=\"col medium-6 small-12 large-6\"  >\n\t\t\t\t<div class=\"col-inner text-left\"  >\n\t\t\t\n\t\t\t\n<h2>HandicapNL<\/h2>\n<p>In Nederland leven ruim 2 miljoen mensen met een handicap. Hoewel vaak wordt gedacht dat de overheid het allemaal wel regelt voor deze doelgroep, verliezen zij nog altijd v\u00e9\u00e9l meer levenskwaliteit dan nodig. Zo is maar liefst \u00e9\u00e9n op de twee jongeren met een handicap eenzaam, leeft bijna een kwart van de mensen met een handicap in armoede, krijgt\u00a060% van de ouders van een gehandicapt kind een burn-out en zijn mensen met een handicap\u00a0zes keer zo vaak werkeloos.\u00a0<\/p>\n<a href=\"https:\/\/handicap.nl\/\" target=\"_blank\" class=\"button primary\" rel=\"noopener\"  >\n\t\t<span>handicap.nl<\/span>\n\t<\/a>\n\n\t\t<\/div>\n\t\t\t\t\t<\/div>\n\n\t\n<\/div>\n\t\t<\/div>\n\n\t\t\n<style>\n#section_830881870 {\n  padding-top: 60px;\n  padding-bottom: 60px;\n  background-color: rgb(193, 193, 193);\n}\n#section_830881870 .section-bg-overlay {\n  background-color: rgba(255, 255, 255, 0.85);\n}\n<\/style>\n\t<\/section>\n\t\n","protected":false},"excerpt":{"rendered":"","protected":false},"author":1,"featured_media":0,"parent":0,"menu_order":0,"comment_status":"closed","ping_status":"closed","template":"","meta":{"footnotes":""},"class_list":["post-248","page","type-page","status-publish","hentry"],"_links":{"self":[{"href":"https:\/\/c-billt.com\/nld\/wp-json\/wp\/v2\/pages\/248","targetHints":{"allow":["GET"]}}],"collection":[{"href":"https:\/\/c-billt.com\/nld\/wp-json\/wp\/v2\/pages"}],"about":[{"href":"https:\/\/c-billt.com\/nld\/wp-json\/wp\/v2\/types\/page"}],"author":[{"embeddable":true,"href":"https:\/\/c-billt.com\/nld\/wp-json\/wp\/v2\/users\/1"}],"replies":[{"embeddable":true,"href":"https:\/\/c-billt.com\/nld\/wp-json\/wp\/v2\/comments?post=248"}],"version-history":[{"count":14,"href":"https:\/\/c-billt.com\/nld\/wp-json\/wp\/v2\/pages\/248\/revisions"}],"predecessor-version":[{"id":318,"href":"https:\/\/c-billt.com\/nld\/wp-json\/wp\/v2\/pages\/248\/revisions\/318"}],"wp:attachment":[{"href":"https:\/\/c-billt.com\/nld\/wp-json\/wp\/v2\/media?parent=248"}],"curies":[{"name":"wp","href":"https:\/\/api.w.org\/{rel}","templated":true}]}}